{"id":9,"date":"2014-09-15T19:06:26","date_gmt":"2014-09-15T19:06:26","guid":{"rendered":"http:\/\/www.autovaras.cl\/cl\/?page_id=9"},"modified":"2014-09-15T17:05:53","modified_gmt":"2014-09-15T21:05:53","slug":"nosotros","status":"publish","type":"page","link":"https:\/\/www.autovaras.cl\/cl\/?page_id=9","title":{"rendered":"Nosotros"},"content":{"rendered":"<p>Autovaras Motors nace bajo la necesidad imperiosa de un buen servicio t\u00e9cnico automotriz de alto nivel tecnol\u00f3gico en Puerto Varas, evit\u00e1ndole a usted verse en la obligaci\u00f3n de concurrir a la ciudad de Puerto Montt en busca de este tipo de servicios dependiendo de horarios y cupos.<br \/>\nHoy en d\u00eda Puerto Varas con una excelente poblaci\u00f3n automotriz cuenta con el mejor servicio, tecnolog\u00eda de punta, y la m\u00e1s alta calidad de atenci\u00f3n para usted y su veh\u00edculo.<\/p>\n<p><strong>Nuestra Misi\u00f3n<\/strong><\/p>\n<p>Entregar soluciones integrales demostrando un excelente servicio, garantizando, un trabajo eficiente, a conciencia limpia, haciendo del cliente una persona satisfecha y nuestro mejor marketing. Siendo a la vez pioneros en incorporar avances tecnol\u00f3gicos de punta.<\/p>\n<p><strong>Nuestra Visi\u00f3n<\/strong><\/p>\n<p>Ser reconocido por su excelencia t\u00e9cnica, que brinda soluciones integrales automotrices y que es accesible para la comunidad. Adem\u00e1s estar preocupado por el desarrollo personal y profesional de sus trabajadores y ser parte del desarrollo comunal de Puerto Varas.<\/p>\n","protected":false},"excerpt":{"rendered":"<p>Autovaras Motors nace bajo la necesidad imperiosa de un buen servicio t\u00e9cnico automotriz de alto nivel tecnol\u00f3gico en Puerto Varas, evit\u00e1ndole a usted verse en la obligaci\u00f3n de concurrir a la ciudad de Puerto Montt en busca de este tipo &hellip; <a href=\"https:\/\/www.autovaras.cl\/cl\/?page_id=9\">Continued<\/a><\/p>\n","protected":false},"author":1,"featured_media":0,"parent":0,"menu_order":0,"comment_status":"open","ping_status":"open","template":"page-fullwidth.php","meta":{"kt_blocks_editor_width":"","footnotes":""},"_links":{"self":[{"href":"https:\/\/www.autovaras.cl\/cl\/index.php?rest_route=\/wp\/v2\/pages\/9"}],"collection":[{"href":"https:\/\/www.autovaras.cl\/cl\/index.php?rest_route=\/wp\/v2\/pages"}],"about":[{"href":"https:\/\/www.autovaras.cl\/cl\/index.php?rest_route=\/wp\/v2\/types\/page"}],"author":[{"embeddable":true,"href":"https:\/\/www.autovaras.cl\/cl\/index.php?rest_route=\/wp\/v2\/users\/1"}],"replies":[{"embeddable":true,"href":"https:\/\/www.autovaras.cl\/cl\/index.php?rest_route=%2Fwp%2Fv2%2Fcomments&post=9"}],"version-history":[{"count":1,"href":"https:\/\/www.autovaras.cl\/cl\/index.php?rest_route=\/wp\/v2\/pages\/9\/revisions"}],"predecessor-version":[{"id":10,"href":"https:\/\/www.autovaras.cl\/cl\/index.php?rest_route=\/wp\/v2\/pages\/9\/revisions\/10"}],"wp:attachment":[{"href":"https:\/\/www.autovaras.cl\/cl\/index.php?rest_route=%2Fwp%2Fv2%2Fmedia&parent=9"}],"curies":[{"name":"wp","href":"https:\/\/api.w.org\/{rel}","templated":true}]}}