{"id":7,"date":"2014-09-15T19:06:00","date_gmt":"2014-09-15T19:06:00","guid":{"rendered":"http:\/\/www.autovaras.cl\/cl\/?page_id=7"},"modified":"2024-03-27T18:55:00","modified_gmt":"2024-03-27T22:55:00","slug":"servicios","status":"publish","type":"page","link":"https:\/\/www.autovaras.cl\/cl\/?page_id=7","title":{"rendered":"Servicios"},"content":{"rendered":"<ul>\n<li>DIAGN\u00d3STICO GENERAL<\/li>\n<li>DIAGN\u00d3STICO POR COMPRAVENTA<\/li>\n<li>SCANNER<\/li>\n<li>NEUM\u00c1TICOS<\/li>\n<li>ALINEACI\u00d3N<\/li>\n<li>BALANCEO<\/li>\n<li>SERVICIO DE FRENOS<\/li>\n<li>CAMBIO DE ACEITE<\/li>\n<li>FILTROS<\/li>\n<li>SUSPENSI\u00d3N<\/li>\n<li>CONTRATO CON EMPRESAS<\/li>\n<\/ul>\n","protected":false},"excerpt":{"rendered":"<p>DIAGN\u00d3STICO GENERAL DIAGN\u00d3STICO POR COMPRAVENTA SCANNER NEUM\u00c1TICOS ALINEACI\u00d3N BALANCEO SERVICIO DE FRENOS CAMBIO DE ACEITE FILTROS SUSPENSI\u00d3N CONTRATO CON EMPRESAS<\/p>\n","protected":false},"author":1,"featured_media":0,"parent":0,"menu_order":0,"comment_status":"open","ping_status":"open","template":"page-fullwidth.php","meta":{"kt_blocks_editor_width":"","footnotes":""},"_links":{"self":[{"href":"https:\/\/www.autovaras.cl\/cl\/index.php?rest_route=\/wp\/v2\/pages\/7"}],"collection":[{"href":"https:\/\/www.autovaras.cl\/cl\/index.php?rest_route=\/wp\/v2\/pages"}],"about":[{"href":"https:\/\/www.autovaras.cl\/cl\/index.php?rest_route=\/wp\/v2\/types\/page"}],"author":[{"embeddable":true,"href":"https:\/\/www.autovaras.cl\/cl\/index.php?rest_route=\/wp\/v2\/users\/1"}],"replies":[{"embeddable":true,"href":"https:\/\/www.autovaras.cl\/cl\/index.php?rest_route=%2Fwp%2Fv2%2Fcomments&post=7"}],"version-history":[{"count":7,"href":"https:\/\/www.autovaras.cl\/cl\/index.php?rest_route=\/wp\/v2\/pages\/7\/revisions"}],"predecessor-version":[{"id":74,"href":"https:\/\/www.autovaras.cl\/cl\/index.php?rest_route=\/wp\/v2\/pages\/7\/revisions\/74"}],"wp:attachment":[{"href":"https:\/\/www.autovaras.cl\/cl\/index.php?rest_route=%2Fwp%2Fv2%2Fmedia&parent=7"}],"curies":[{"name":"wp","href":"https:\/\/api.w.org\/{rel}","templated":true}]}}